{"id":1494,"date":"2019-08-14T08:37:21","date_gmt":"2019-08-14T13:37:21","guid":{"rendered":"http:\/\/dev.centralwire.com\/?page_id=1494"},"modified":"2019-10-11T13:36:06","modified_gmt":"2019-10-11T18:36:06","slug":"privacy-policy","status":"publish","type":"page","link":"https:\/\/centralwire.com\/mx\/privacy-policy\/","title":{"rendered":"Pol\u00edtica de privacidad"},"content":{"rendered":"<p>Central Wire Industries (y sus subsidiarias) se compromete a respetar la privacidad de las personas y reconoce la necesidad de las personas con las que hacemos negocios (clientes, proveedores, etc.) y de los empleados para la gesti\u00f3n y protecci\u00f3n adecuadas de cualquier informaci\u00f3n personal. que acepta proporcionarnos.<\/p>\n<p>Nuestro Plan de gesti\u00f3n de privacidad incluye pautas sobre la recopilaci\u00f3n, el almacenamiento, el uso y la retenci\u00f3n de su Informaci\u00f3n personal:<\/p>\n<p><strong>Colecci\u00f3n:<\/strong> La organizaci\u00f3n recopila informaci\u00f3n personal sobre individuos (clientes, proveedores, empleados, etc.) para administrar mejor su negocio. La organizaci\u00f3n har\u00e1 todos los esfuerzos razonables para informar plenamente a dichas personas sobre el uso\/divulgaci\u00f3n previsto. La organizaci\u00f3n limitar\u00e1 la recopilaci\u00f3n y el uso de informaci\u00f3n personal a la requerida para fines comerciales v\u00e1lidos o para cumplir con la legislaci\u00f3n.<\/p>\n<p><strong>Exactitud:<\/strong> La organizaci\u00f3n har\u00e1 todos los esfuerzos razonables para garantizar que la informaci\u00f3n personal que recopila y utiliza es precisa y completa. Las personas que brinden informaci\u00f3n personal tendr\u00e1n la oportunidad de revisar y corregir su informaci\u00f3n personal, y a solicitud escrita de una persona con quien se relaciona la informaci\u00f3n, la organizaci\u00f3n modificar\u00e1 la informaci\u00f3n seg\u00fan sea necesario.<\/p>\n<p><strong>Almacenamiento:<\/strong> La organizaci\u00f3n almacenar\u00e1 informaci\u00f3n personal utilizando copias impresas y \/ o medios electr\u00f3nicos de manera que se evite la recopilaci\u00f3n, el acceso, el uso, la divulgaci\u00f3n o la eliminaci\u00f3n no autorizados de la informaci\u00f3n personal.<\/p>\n<p><strong>Retencion:<\/strong> La organizaci\u00f3n establecer\u00e1 un per\u00edodo de retenci\u00f3n para toda la informaci\u00f3n personal recopilada. Este per\u00edodo cumplir\u00e1 con toda la legislaci\u00f3n federal, provincial, estatal y local aplicable, por ejemplo, PIPEDA, Normas de empleo, HIPAA, T\u00edtulo VII.<\/p>\n<p><strong>Divulgar:<\/strong> La organizaci\u00f3n no revelar\u00e1 informaci\u00f3n personal innecesariamente a empleados o terceros sin el consentimiento por escrito de la persona afectada.<\/p>\n<p><strong>Acceso:<\/strong> La organizaci\u00f3n promueve el derecho de acceso de los individuos a la informaci\u00f3n personal sobre s\u00ed mismos. El empleador proporcionar\u00e1 acceso a la informaci\u00f3n previa solicitud. El acceso se proporcionar\u00e1 de acuerdo con los procedimientos establecidos. Nota: El acceso a un registro puede estar sujeto al pago de cualquier tarifa requerida de acuerdo con la pol\u00edtica de la organizaci\u00f3n.<\/p>\n<p>Adem\u00e1s del cuidado que Central Wire Industries toma directamente, tambi\u00e9n estamos trabajando con todas nuestras organizaciones asociadas que en alg\u00fan momento pueden manejar la informaci\u00f3n personal recopilada por nosotros en el transcurso de su relaci\u00f3n y servicio con nosotros. Cada socio tercero ha acordado cumplir con nuestros est\u00e1ndares de privacidad, confidencialidad y seguridad.<\/p>\n<p>Todos los Empleados y el personal de terceros que de alguna manera manejan o administran la Informaci\u00f3n personal han reconocido y aceptado cumplir con nuestro C\u00f3digo de privacidad y los procedimientos que respaldan ese c\u00f3digo.<\/p>\n<p><strong>Para m\u00e1s informaci\u00f3n contactar:<br \/>\nTel\u00e9fono: 613-257-3762<\/strong><\/p>\n<p>&nbsp;<\/p>\n<p>&nbsp;<\/p>","protected":false},"excerpt":{"rendered":"<p>Central Wire Industries (and its subsidiaries) is committed to respecting the privacy of individuals and recognizes the need of people with whom we do business (clients, customers, suppliers, etc.), and employees for the appropriate management and protection of any Personal Information that you agree to provide to us. Our Privacy Management Plan includes guidelines on [&hellip;]<\/p>\n","protected":false},"author":7,"featured_media":0,"parent":0,"menu_order":0,"comment_status":"closed","ping_status":"closed","template":"","meta":{"content-type":"","inline_featured_image":false,"footnotes":""},"class_list":["post-1494","page","type-page","status-publish","hentry"],"yoast_head":"<!-- This site is optimized with the Yoast SEO Premium plugin v27.4 (Yoast SEO v27.4) - https:\/\/yoast.com\/product\/yoast-seo-premium-wordpress\/ -->\n<title>Privacy Policy | Central Wire<\/title>\n<meta name=\"robots\" content=\"index, follow, max-snippet:-1, max-image-preview:large, max-video-preview:-1\" \/>\n<link rel=\"canonical\" href=\"https:\/\/centralwire.com\/mx\/privacy-policy\/\" \/>\n<meta property=\"og:locale\" content=\"es_MX\" \/>\n<meta property=\"og:type\" content=\"article\" \/>\n<meta property=\"og:title\" content=\"Privacy Policy\" \/>\n<meta property=\"og:description\" content=\"Central Wire Industries (and its subsidiaries) is committed to respecting the privacy of individuals and recognizes the need of people with whom we do business (clients, customers, suppliers, etc.), and employees for the appropriate management and protection of any Personal Information that you agree to provide to us. Our Privacy Management Plan includes guidelines on [&hellip;]\" \/>\n<meta property=\"og:url\" content=\"https:\/\/centralwire.com\/mx\/privacy-policy\/\" \/>\n<meta property=\"og:site_name\" content=\"Central Wire\" \/>\n<meta property=\"article:publisher\" content=\"https:\/\/www.facebook.com\/centralwire\/\" \/>\n<meta property=\"article:modified_time\" content=\"2019-10-11T18:36:06+00:00\" \/>\n<meta name=\"twitter:card\" content=\"summary_large_image\" \/>\n<meta name=\"twitter:site\" content=\"@centralwire\" \/>\n<meta name=\"twitter:label1\" content=\"Tiempo de lectura\" \/>\n\t<meta name=\"twitter:data1\" content=\"2 minutos\" \/>\n<script type=\"application\/ld+json\" class=\"yoast-schema-graph\">{\"@context\":\"https:\\\/\\\/schema.org\",\"@graph\":[{\"@type\":\"WebPage\",\"@id\":\"https:\\\/\\\/centralwire.com\\\/privacy-policy\\\/\",\"url\":\"https:\\\/\\\/centralwire.com\\\/privacy-policy\\\/\",\"name\":\"Privacy Policy | Central Wire\",\"isPartOf\":{\"@id\":\"https:\\\/\\\/centralwire.com\\\/#website\"},\"datePublished\":\"2019-08-14T13:37:21+00:00\",\"dateModified\":\"2019-10-11T18:36:06+00:00\",\"breadcrumb\":{\"@id\":\"https:\\\/\\\/centralwire.com\\\/privacy-policy\\\/#breadcrumb\"},\"inLanguage\":\"es\",\"potentialAction\":[{\"@type\":\"ReadAction\",\"target\":[\"https:\\\/\\\/centralwire.com\\\/privacy-policy\\\/\"]}]},{\"@type\":\"BreadcrumbList\",\"@id\":\"https:\\\/\\\/centralwire.com\\\/privacy-policy\\\/#breadcrumb\",\"itemListElement\":[{\"@type\":\"ListItem\",\"position\":1,\"name\":\"Home\",\"item\":\"https:\\\/\\\/centralwire.com\\\/\"},{\"@type\":\"ListItem\",\"position\":2,\"name\":\"Privacy Policy\"}]},{\"@type\":\"WebSite\",\"@id\":\"https:\\\/\\\/centralwire.com\\\/#website\",\"url\":\"https:\\\/\\\/centralwire.com\\\/\",\"name\":\"Central Wire\",\"description\":\"Drawing on Innovation\",\"publisher\":{\"@id\":\"https:\\\/\\\/centralwire.com\\\/#organization\"},\"potentialAction\":[{\"@type\":\"SearchAction\",\"target\":{\"@type\":\"EntryPoint\",\"urlTemplate\":\"https:\\\/\\\/centralwire.com\\\/?s={search_term_string}\"},\"query-input\":{\"@type\":\"PropertyValueSpecification\",\"valueRequired\":true,\"valueName\":\"search_term_string\"}}],\"inLanguage\":\"es\"},{\"@type\":\"Organization\",\"@id\":\"https:\\\/\\\/centralwire.com\\\/#organization\",\"name\":\"Central Wire Inc.\",\"alternateName\":\"Central Wire Group of Companies\",\"url\":\"https:\\\/\\\/centralwire.com\\\/\",\"logo\":{\"@type\":\"ImageObject\",\"inLanguage\":\"es\",\"@id\":\"https:\\\/\\\/centralwire.com\\\/#\\\/schema\\\/logo\\\/image\\\/\",\"url\":\"https:\\\/\\\/cdn.centralwire.com\\\/wp-content\\\/uploads\\\/2023\\\/03\\\/CWI-Group-Logo-1.png?strip=all&lossy=1&ssl=1\",\"contentUrl\":\"https:\\\/\\\/cdn.centralwire.com\\\/wp-content\\\/uploads\\\/2023\\\/03\\\/CWI-Group-Logo-1.png?strip=all&lossy=1&ssl=1\",\"width\":1400,\"height\":650,\"caption\":\"Central Wire Inc.\"},\"image\":{\"@id\":\"https:\\\/\\\/centralwire.com\\\/#\\\/schema\\\/logo\\\/image\\\/\"},\"sameAs\":[\"https:\\\/\\\/www.facebook.com\\\/centralwire\\\/\",\"https:\\\/\\\/x.com\\\/centralwire\",\"https:\\\/\\\/www.linkedin.com\\\/company\\\/central-wire\"]}]}<\/script>\n<!-- \/ Yoast SEO Premium plugin. -->","yoast_head_json":{"title":"Pol\u00edtica de Privacidad | Alambre Central","robots":{"index":"index","follow":"follow","max-snippet":"max-snippet:-1","max-image-preview":"max-image-preview:large","max-video-preview":"max-video-preview:-1"},"canonical":"https:\/\/centralwire.com\/mx\/privacy-policy\/","og_locale":"es_MX","og_type":"article","og_title":"Privacy Policy","og_description":"Central Wire Industries (and its subsidiaries) is committed to respecting the privacy of individuals and recognizes the need of people with whom we do business (clients, customers, suppliers, etc.), and employees for the appropriate management and protection of any Personal Information that you agree to provide to us. Our Privacy Management Plan includes guidelines on [&hellip;]","og_url":"https:\/\/centralwire.com\/mx\/privacy-policy\/","og_site_name":"Central Wire","article_publisher":"https:\/\/www.facebook.com\/centralwire\/","article_modified_time":"2019-10-11T18:36:06+00:00","twitter_card":"summary_large_image","twitter_site":"@centralwire","twitter_misc":{"Tiempo de lectura":"2 minutos"},"schema":{"@context":"https:\/\/schema.org","@graph":[{"@type":"WebPage","@id":"https:\/\/centralwire.com\/privacy-policy\/","url":"https:\/\/centralwire.com\/privacy-policy\/","name":"Pol\u00edtica de Privacidad | Alambre Central","isPartOf":{"@id":"https:\/\/centralwire.com\/#website"},"datePublished":"2019-08-14T13:37:21+00:00","dateModified":"2019-10-11T18:36:06+00:00","breadcrumb":{"@id":"https:\/\/centralwire.com\/privacy-policy\/#breadcrumb"},"inLanguage":"es","potentialAction":[{"@type":"ReadAction","target":["https:\/\/centralwire.com\/privacy-policy\/"]}]},{"@type":"BreadcrumbList","@id":"https:\/\/centralwire.com\/privacy-policy\/#breadcrumb","itemListElement":[{"@type":"ListItem","position":1,"name":"Home","item":"https:\/\/centralwire.com\/"},{"@type":"ListItem","position":2,"name":"Privacy Policy"}]},{"@type":"WebSite","@id":"https:\/\/centralwire.com\/#website","url":"https:\/\/centralwire.com\/","name":"Alambre central","description":"Aprovechando la innovaci\u00f3n","publisher":{"@id":"https:\/\/centralwire.com\/#organization"},"potentialAction":[{"@type":"SearchAction","target":{"@type":"EntryPoint","urlTemplate":"https:\/\/centralwire.com\/?s={search_term_string}"},"query-input":{"@type":"PropertyValueSpecification","valueRequired":true,"valueName":"search_term_string"}}],"inLanguage":"es"},{"@type":"Organization","@id":"https:\/\/centralwire.com\/#organization","name":"Central Wire Inc.","alternateName":"Central Wire Group of Companies","url":"https:\/\/centralwire.com\/","logo":{"@type":"ImageObject","inLanguage":"es","@id":"https:\/\/centralwire.com\/#\/schema\/logo\/image\/","url":"https:\/\/cdn.centralwire.com\/wp-content\/uploads\/2023\/03\/CWI-Group-Logo-1.png?strip=all&lossy=1&ssl=1","contentUrl":"https:\/\/cdn.centralwire.com\/wp-content\/uploads\/2023\/03\/CWI-Group-Logo-1.png?strip=all&lossy=1&ssl=1","width":1400,"height":650,"caption":"Central Wire Inc."},"image":{"@id":"https:\/\/centralwire.com\/#\/schema\/logo\/image\/"},"sameAs":["https:\/\/www.facebook.com\/centralwire\/","https:\/\/x.com\/centralwire","https:\/\/www.linkedin.com\/company\/central-wire"]}]}},"_links":{"self":[{"href":"https:\/\/centralwire.com\/mx\/wp-json\/wp\/v2\/pages\/1494","targetHints":{"allow":["GET"]}}],"collection":[{"href":"https:\/\/centralwire.com\/mx\/wp-json\/wp\/v2\/pages"}],"about":[{"href":"https:\/\/centralwire.com\/mx\/wp-json\/wp\/v2\/types\/page"}],"author":[{"embeddable":true,"href":"https:\/\/centralwire.com\/mx\/wp-json\/wp\/v2\/users\/7"}],"replies":[{"embeddable":true,"href":"https:\/\/centralwire.com\/mx\/wp-json\/wp\/v2\/comments?post=1494"}],"version-history":[{"count":0,"href":"https:\/\/centralwire.com\/mx\/wp-json\/wp\/v2\/pages\/1494\/revisions"}],"wp:attachment":[{"href":"https:\/\/centralwire.com\/mx\/wp-json\/wp\/v2\/media?parent=1494"}],"curies":[{"name":"wp","href":"https:\/\/api.w.org\/{rel}","templated":true}]}}