{"id":1494,"date":"2019-08-14T08:37:21","date_gmt":"2019-08-14T13:37:21","guid":{"rendered":"http:\/\/dev.centralwire.com\/?page_id=1494"},"modified":"2019-10-11T13:36:06","modified_gmt":"2019-10-11T18:36:06","slug":"privacy-policy","status":"publish","type":"page","link":"https:\/\/centralwire.com\/fr\/privacy-policy\/","title":{"rendered":"Politique de confidentialit\u00e9"},"content":{"rendered":"<p>Central Wire Industries (et ses filiales) s&#039;engage \u00e0 respecter la vie priv\u00e9e des personnes et \u00e0 prendre en compte les besoins des personnes avec lesquelles nous traitons (clients, clients, fournisseurs, etc.) et des employ\u00e9s pour la gestion et la protection appropri\u00e9es de tout renseignement personnel. que vous acceptez de nous fournir.<\/p>\n<p>Notre plan de gestion de la confidentialit\u00e9 comprend des directives sur la collecte, le stockage, l&#039;utilisation et la conservation de vos informations personnelles comme suit:<\/p>\n<p><strong>Collection:<\/strong> L&#039;organisation recueille des renseignements personnels sur les individus (clients, fournisseurs, employ\u00e9s, etc.) afin de mieux g\u00e9rer ses affaires. L&#039;organisation fera tous les efforts raisonnables pour informer pleinement ces personnes de l&#039;utilisation\/divulgation pr\u00e9vue. L&#039;organisation limitera la collecte et l&#039;utilisation des informations personnelles \u00e0 celles requises \u00e0 des fins commerciales valables ou pour se conformer \u00e0 la l\u00e9gislation.<\/p>\n<p><strong>Pr\u00e9cision:<\/strong> L&#039;organisation d\u00e9ploiera tous les efforts raisonnables pour s&#039;assurer que les informations personnelles qu&#039;elle recueille et utilise sont exactes et compl\u00e8tes. Les personnes fournissant des informations personnelles auront la possibilit\u00e9 de r\u00e9viser et de corriger leurs informations personnelles. Sur demande \u00e9crite d\u2019une personne physique \u00e0 laquelle les informations se rapportent, l\u2019organisation modifiera les informations le cas \u00e9ch\u00e9ant.<\/p>\n<p><strong>Espace de rangement:<\/strong> L&#039;organisation stockera les informations personnelles sur des supports papier et \/ ou \u00e9lectroniques de mani\u00e8re \u00e0 emp\u00eacher leur collecte, acc\u00e8s, utilisation, utilisation, divulgation ou \u00e9limination non autoris\u00e9es.<\/p>\n<p><strong>R\u00e9tention:<\/strong> L&#039;organisation \u00e9tablira une p\u00e9riode de conservation de toutes les informations personnelles collect\u00e9es. Cette p\u00e9riode sera conforme \u00e0 toutes les lois f\u00e9d\u00e9rales, provinciales, nationales et locales applicables, telles que la LPRPDE, les normes du travail, HIPAA, Titre VII.<\/p>\n<p><strong>Divulgation:<\/strong> L&#039;organisation ne divulguera pas d&#039;informations personnelles inutilement \u00e0 ses employ\u00e9s ou \u00e0 des tiers sans le consentement \u00e9crit de la personne concern\u00e9e.<\/p>\n<p><strong>Acc\u00e8s:<\/strong> L&#039;organisation promeut le droit d&#039;acc\u00e8s des individus aux informations personnelles les concernant. L&#039;employeur fournira l&#039;acc\u00e8s \u00e0 l&#039;information sur demande. L&#039;acc\u00e8s sera fourni selon les proc\u00e9dures \u00e9tablies. Remarque\u00a0: L&#039;acc\u00e8s \u00e0 un dossier peut \u00eatre assujetti au paiement de tous les frais requis conform\u00e9ment \u00e0 la politique de l&#039;organisation.<\/p>\n<p>En plus des soins directs de Central Wire Industries, nous travaillons \u00e9galement avec toutes nos organisations partenaires qui peuvent \u00e9ventuellement traiter des informations personnelles que nous avons collect\u00e9es dans le cadre de leurs relations et de leurs services. Chaque partenaire tiers a accept\u00e9 de respecter nos normes de confidentialit\u00e9, de s\u00e9curit\u00e9 et de confidentialit\u00e9.<\/p>\n<p>Tous les employ\u00e9s et le personnel tiers qui, de quelque mani\u00e8re que ce soit, manipulent ou g\u00e8rent des informations personnelles ont reconnu et accept\u00e9 de respecter notre code de confidentialit\u00e9 et les proc\u00e9dures qui le prennent en charge.<\/p>\n<p><strong>Pour plus d&#039;informations, contactez:<br \/>\nT\u00e9l\u00e9phone: 613-257-3762<\/strong><\/p>\n<p>&nbsp;<\/p>\n<p>&nbsp;<\/p>","protected":false},"excerpt":{"rendered":"<p>Central Wire Industries (and its subsidiaries) is committed to respecting the privacy of individuals and recognizes the need of people with whom we do business (clients, customers, suppliers, etc.), and employees for the appropriate management and protection of any Personal Information that you agree to provide to us. Our Privacy Management Plan includes guidelines on [&hellip;]<\/p>\n","protected":false},"author":7,"featured_media":0,"parent":0,"menu_order":0,"comment_status":"closed","ping_status":"closed","template":"","meta":{"content-type":"","inline_featured_image":false,"footnotes":""},"class_list":["post-1494","page","type-page","status-publish","hentry"],"yoast_head":"<!-- This site is optimized with the Yoast SEO Premium plugin v27.3 (Yoast SEO v27.3) - https:\/\/yoast.com\/product\/yoast-seo-premium-wordpress\/ -->\n<title>Privacy Policy | Central Wire<\/title>\n<meta name=\"robots\" content=\"index, follow, max-snippet:-1, max-image-preview:large, max-video-preview:-1\" \/>\n<link rel=\"canonical\" href=\"https:\/\/centralwire.com\/fr\/privacy-policy\/\" \/>\n<meta property=\"og:locale\" content=\"fr_FR\" \/>\n<meta property=\"og:type\" content=\"article\" \/>\n<meta property=\"og:title\" content=\"Privacy Policy\" \/>\n<meta property=\"og:description\" content=\"Central Wire Industries (and its subsidiaries) is committed to respecting the privacy of individuals and recognizes the need of people with whom we do business (clients, customers, suppliers, etc.), and employees for the appropriate management and protection of any Personal Information that you agree to provide to us. Our Privacy Management Plan includes guidelines on [&hellip;]\" \/>\n<meta property=\"og:url\" content=\"https:\/\/centralwire.com\/fr\/privacy-policy\/\" \/>\n<meta property=\"og:site_name\" content=\"Central Wire\" \/>\n<meta property=\"article:publisher\" content=\"https:\/\/www.facebook.com\/centralwire\/\" \/>\n<meta property=\"article:modified_time\" content=\"2019-10-11T18:36:06+00:00\" \/>\n<meta name=\"twitter:card\" content=\"summary_large_image\" \/>\n<meta name=\"twitter:site\" content=\"@centralwire\" \/>\n<meta name=\"twitter:label1\" content=\"Dur\u00e9e de lecture estim\u00e9e\" \/>\n\t<meta name=\"twitter:data1\" content=\"2 minutes\" \/>\n<script type=\"application\/ld+json\" class=\"yoast-schema-graph\">{\"@context\":\"https:\\\/\\\/schema.org\",\"@graph\":[{\"@type\":\"WebPage\",\"@id\":\"https:\\\/\\\/centralwire.com\\\/privacy-policy\\\/\",\"url\":\"https:\\\/\\\/centralwire.com\\\/privacy-policy\\\/\",\"name\":\"Privacy Policy | Central Wire\",\"isPartOf\":{\"@id\":\"https:\\\/\\\/centralwire.com\\\/#website\"},\"datePublished\":\"2019-08-14T13:37:21+00:00\",\"dateModified\":\"2019-10-11T18:36:06+00:00\",\"breadcrumb\":{\"@id\":\"https:\\\/\\\/centralwire.com\\\/privacy-policy\\\/#breadcrumb\"},\"inLanguage\":\"fr-FR\",\"potentialAction\":[{\"@type\":\"ReadAction\",\"target\":[\"https:\\\/\\\/centralwire.com\\\/privacy-policy\\\/\"]}]},{\"@type\":\"BreadcrumbList\",\"@id\":\"https:\\\/\\\/centralwire.com\\\/privacy-policy\\\/#breadcrumb\",\"itemListElement\":[{\"@type\":\"ListItem\",\"position\":1,\"name\":\"Home\",\"item\":\"https:\\\/\\\/centralwire.com\\\/\"},{\"@type\":\"ListItem\",\"position\":2,\"name\":\"Privacy Policy\"}]},{\"@type\":\"WebSite\",\"@id\":\"https:\\\/\\\/centralwire.com\\\/#website\",\"url\":\"https:\\\/\\\/centralwire.com\\\/\",\"name\":\"Central Wire\",\"description\":\"Drawing on Innovation\",\"publisher\":{\"@id\":\"https:\\\/\\\/centralwire.com\\\/#organization\"},\"potentialAction\":[{\"@type\":\"SearchAction\",\"target\":{\"@type\":\"EntryPoint\",\"urlTemplate\":\"https:\\\/\\\/centralwire.com\\\/?s={search_term_string}\"},\"query-input\":{\"@type\":\"PropertyValueSpecification\",\"valueRequired\":true,\"valueName\":\"search_term_string\"}}],\"inLanguage\":\"fr-FR\"},{\"@type\":\"Organization\",\"@id\":\"https:\\\/\\\/centralwire.com\\\/#organization\",\"name\":\"Central Wire Inc.\",\"alternateName\":\"Central Wire Group of Companies\",\"url\":\"https:\\\/\\\/centralwire.com\\\/\",\"logo\":{\"@type\":\"ImageObject\",\"inLanguage\":\"fr-FR\",\"@id\":\"https:\\\/\\\/centralwire.com\\\/#\\\/schema\\\/logo\\\/image\\\/\",\"url\":\"https:\\\/\\\/cdn.centralwire.com\\\/wp-content\\\/uploads\\\/2023\\\/03\\\/CWI-Group-Logo-1.png?strip=all&lossy=1&ssl=1\",\"contentUrl\":\"https:\\\/\\\/cdn.centralwire.com\\\/wp-content\\\/uploads\\\/2023\\\/03\\\/CWI-Group-Logo-1.png?strip=all&lossy=1&ssl=1\",\"width\":1400,\"height\":650,\"caption\":\"Central Wire Inc.\"},\"image\":{\"@id\":\"https:\\\/\\\/centralwire.com\\\/#\\\/schema\\\/logo\\\/image\\\/\"},\"sameAs\":[\"https:\\\/\\\/www.facebook.com\\\/centralwire\\\/\",\"https:\\\/\\\/x.com\\\/centralwire\",\"https:\\\/\\\/www.linkedin.com\\\/company\\\/central-wire\"]}]}<\/script>\n<!-- \/ Yoast SEO Premium plugin. -->","yoast_head_json":{"title":"Politique de confidentialit\u00e9 | Fil central","robots":{"index":"index","follow":"follow","max-snippet":"max-snippet:-1","max-image-preview":"max-image-preview:large","max-video-preview":"max-video-preview:-1"},"canonical":"https:\/\/centralwire.com\/fr\/privacy-policy\/","og_locale":"fr_FR","og_type":"article","og_title":"Privacy Policy","og_description":"Central Wire Industries (and its subsidiaries) is committed to respecting the privacy of individuals and recognizes the need of people with whom we do business (clients, customers, suppliers, etc.), and employees for the appropriate management and protection of any Personal Information that you agree to provide to us. Our Privacy Management Plan includes guidelines on [&hellip;]","og_url":"https:\/\/centralwire.com\/fr\/privacy-policy\/","og_site_name":"Central Wire","article_publisher":"https:\/\/www.facebook.com\/centralwire\/","article_modified_time":"2019-10-11T18:36:06+00:00","twitter_card":"summary_large_image","twitter_site":"@centralwire","twitter_misc":{"Dur\u00e9e de lecture estim\u00e9e":"2 minutes"},"schema":{"@context":"https:\/\/schema.org","@graph":[{"@type":"WebPage","@id":"https:\/\/centralwire.com\/privacy-policy\/","url":"https:\/\/centralwire.com\/privacy-policy\/","name":"Politique de confidentialit\u00e9 | Fil central","isPartOf":{"@id":"https:\/\/centralwire.com\/#website"},"datePublished":"2019-08-14T13:37:21+00:00","dateModified":"2019-10-11T18:36:06+00:00","breadcrumb":{"@id":"https:\/\/centralwire.com\/privacy-policy\/#breadcrumb"},"inLanguage":"fr-FR","potentialAction":[{"@type":"ReadAction","target":["https:\/\/centralwire.com\/privacy-policy\/"]}]},{"@type":"BreadcrumbList","@id":"https:\/\/centralwire.com\/privacy-policy\/#breadcrumb","itemListElement":[{"@type":"ListItem","position":1,"name":"Home","item":"https:\/\/centralwire.com\/"},{"@type":"ListItem","position":2,"name":"Privacy Policy"}]},{"@type":"WebSite","@id":"https:\/\/centralwire.com\/#website","url":"https:\/\/centralwire.com\/","name":"Fil central","description":"S'appuyant sur l'innovation","publisher":{"@id":"https:\/\/centralwire.com\/#organization"},"potentialAction":[{"@type":"SearchAction","target":{"@type":"EntryPoint","urlTemplate":"https:\/\/centralwire.com\/?s={search_term_string}"},"query-input":{"@type":"PropertyValueSpecification","valueRequired":true,"valueName":"search_term_string"}}],"inLanguage":"fr-FR"},{"@type":"Organization","@id":"https:\/\/centralwire.com\/#organization","name":"Central Wire Inc.","alternateName":"Central Wire Group of Companies","url":"https:\/\/centralwire.com\/","logo":{"@type":"ImageObject","inLanguage":"fr-FR","@id":"https:\/\/centralwire.com\/#\/schema\/logo\/image\/","url":"https:\/\/cdn.centralwire.com\/wp-content\/uploads\/2023\/03\/CWI-Group-Logo-1.png?strip=all&lossy=1&ssl=1","contentUrl":"https:\/\/cdn.centralwire.com\/wp-content\/uploads\/2023\/03\/CWI-Group-Logo-1.png?strip=all&lossy=1&ssl=1","width":1400,"height":650,"caption":"Central Wire Inc."},"image":{"@id":"https:\/\/centralwire.com\/#\/schema\/logo\/image\/"},"sameAs":["https:\/\/www.facebook.com\/centralwire\/","https:\/\/x.com\/centralwire","https:\/\/www.linkedin.com\/company\/central-wire"]}]}},"_links":{"self":[{"href":"https:\/\/centralwire.com\/fr\/wp-json\/wp\/v2\/pages\/1494","targetHints":{"allow":["GET"]}}],"collection":[{"href":"https:\/\/centralwire.com\/fr\/wp-json\/wp\/v2\/pages"}],"about":[{"href":"https:\/\/centralwire.com\/fr\/wp-json\/wp\/v2\/types\/page"}],"author":[{"embeddable":true,"href":"https:\/\/centralwire.com\/fr\/wp-json\/wp\/v2\/users\/7"}],"replies":[{"embeddable":true,"href":"https:\/\/centralwire.com\/fr\/wp-json\/wp\/v2\/comments?post=1494"}],"version-history":[{"count":0,"href":"https:\/\/centralwire.com\/fr\/wp-json\/wp\/v2\/pages\/1494\/revisions"}],"wp:attachment":[{"href":"https:\/\/centralwire.com\/fr\/wp-json\/wp\/v2\/media?parent=1494"}],"curies":[{"name":"wp","href":"https:\/\/api.w.org\/{rel}","templated":true}]}}