{"id":1490,"date":"2019-08-14T08:26:55","date_gmt":"2019-08-14T13:26:55","guid":{"rendered":"http:\/\/dev.centralwire.com\/?page_id=1490"},"modified":"2019-10-11T13:36:44","modified_gmt":"2019-10-11T18:36:44","slug":"terms-of-use","status":"publish","type":"page","link":"https:\/\/centralwire.com\/fr\/terms-of-use\/","title":{"rendered":"Conditions d&#039;utilisation"},"content":{"rendered":"<p>Bienvenue sur notre site. Si vous continuez \u00e0 naviguer et \u00e0 utiliser ce site Web, vous acceptez de vous conformer aux conditions d&#039;utilisation suivantes, qui, conjointement avec notre politique de confidentialit\u00e9, r\u00e9gissent les relations de CENTRAL WIRE INDUSTRIES avec vous en ce qui concerne ce site Web.<\/p>\n<p><strong>Industries du fil central<\/strong><\/p>\n<p>Le terme \u00ab\u00a0CENTRAL WIRE INDUSTRIES\u00a0\u00bb ou \u00ab\u00a0nous\u00a0\u00bb ou \u00ab\u00a0nous\u00a0\u00bb fait r\u00e9f\u00e9rence au propri\u00e9taire du site Web dont le si\u00e8ge social est situ\u00e9 au 1 North Street, Perth, Ontario, Canada, K7H 2S2. Le terme \u00ab\u00a0vous\u00a0\u00bb fait r\u00e9f\u00e9rence \u00e0 l&#039;utilisateur ou au spectateur de notre site Web. L\u2019utilisation de ce site Web est soumise aux conditions d\u2019utilisation suivantes :<\/p>\n<ul>\n<li>Le contenu des pages de ce site Web est uniquement destin\u00e9 \u00e0 votre information g\u00e9n\u00e9rale et \u00e0 votre utilisation. Un changement sans pr\u00e9avis est possible.<\/li>\n<li>Ni nous, ni aucun tiers, ne fournissons aucune garantie quant \u00e0 l&#039;exactitude, la rapidit\u00e9, la performance, l&#039;exhaustivit\u00e9 ou la pertinence des informations et des mat\u00e9riels trouv\u00e9s ou propos\u00e9s sur ce site web, dans un but particulier. Vous reconnaissez que ces informations et mat\u00e9riaux peuvent contenir des inexactitudes ou des erreurs et nous excluons express\u00e9ment toute responsabilit\u00e9 pour ces inexactitudes ou erreurs dans toute la mesure permise par la loi.<\/li>\n<li>Votre utilisation de toute information ou mat\u00e9riel sur ce site Web est enti\u00e8rement \u00e0 vos risques et p\u00e9rils, pour lesquels nous ne serons pas responsables. Il sera de votre responsabilit\u00e9 de vous assurer que tous les produits, services ou informations disponibles sur ce site r\u00e9pondent \u00e0 vos besoins sp\u00e9cifiques.<\/li>\n<li>Ce site Web contient des informations qui nous appartiennent ou qui nous sont conc\u00e9d\u00e9es sous licence. Ce mat\u00e9riel inclut, sans toutefois s&#039;y limiter, la conception, la mise en page, l&#039;apparence, l&#039;apparence et les graphiques. La reproduction est interdite autrement que conform\u00e9ment \u00e0 la notice de copyright, qui fait partie int\u00e9grante de ces termes et conditions.<\/li>\n<li>Toutes les marques reproduites sur ce site Web qui ne sont pas la propri\u00e9t\u00e9 de l\u2019op\u00e9rateur, ni conc\u00e9d\u00e9es sous licence \u00e0 cet op\u00e9rateur, sont reconnues sur le site.<\/li>\n<li>L&#039;utilisation non autoris\u00e9e de ce site Web peut donner lieu \u00e0 une action en dommages et int\u00e9r\u00eats et \/ ou constituer une infraction p\u00e9nale.<\/li>\n<li>De temps en temps, ce site Web peut \u00e9galement inclure des liens vers d&#039;autres sites Web. Ces liens sont fournis pour votre commodit\u00e9 afin de fournir des informations suppl\u00e9mentaires. Ils ne signifient pas que nous approuvons les sites). Nous n&#039;assumons aucune responsabilit\u00e9 pour le contenu du ou des sites Web li\u00e9s.<\/li>\n<li>Vous ne pouvez pas cr\u00e9er de lien vers ce site Web \u00e0 partir d&#039;un autre site Web ou d&#039;un autre document sans le consentement \u00e9crit pr\u00e9alable de Central Wire Industries.<\/li>\n<li>Votre utilisation de ce site Web et \/ ou tout diff\u00e9rend d\u00e9coulant de cette utilisation du site Web sont soumis aux lois du Canada.<\/li>\n<\/ul>\n<p>&nbsp;<\/p>\n<p>&nbsp;<\/p>","protected":false},"excerpt":{"rendered":"<p>Welcome to our website. If you continue to browse and use this website you are agreeing to comply with and be bound by the following terms and conditions of use, which together with our privacy policy govern CENTRAL WIRE INDUSTRIES relationship with you in relation to this website. Central Wire Industries The term \u2018CENTRAL WIRE [&hellip;]<\/p>\n","protected":false},"author":7,"featured_media":0,"parent":0,"menu_order":0,"comment_status":"closed","ping_status":"closed","template":"","meta":{"content-type":"","inline_featured_image":false,"footnotes":""},"class_list":["post-1490","page","type-page","status-publish","hentry"],"yoast_head":"<!-- This site is optimized with the Yoast SEO Premium plugin v27.4 (Yoast SEO v27.4) - https:\/\/yoast.com\/product\/yoast-seo-premium-wordpress\/ -->\n<title>Terms Of Use | Central Wire<\/title>\n<meta name=\"robots\" content=\"index, follow, max-snippet:-1, max-image-preview:large, max-video-preview:-1\" \/>\n<link rel=\"canonical\" href=\"https:\/\/centralwire.com\/fr\/terms-of-use\/\" \/>\n<meta property=\"og:locale\" content=\"fr_FR\" \/>\n<meta property=\"og:type\" content=\"article\" \/>\n<meta property=\"og:title\" content=\"Terms Of Use\" \/>\n<meta property=\"og:description\" content=\"Welcome to our website. If you continue to browse and use this website you are agreeing to comply with and be bound by the following terms and conditions of use, which together with our privacy policy govern CENTRAL WIRE INDUSTRIES relationship with you in relation to this website. Central Wire Industries The term \u2018CENTRAL WIRE [&hellip;]\" \/>\n<meta property=\"og:url\" content=\"https:\/\/centralwire.com\/fr\/terms-of-use\/\" \/>\n<meta property=\"og:site_name\" content=\"Central Wire\" \/>\n<meta property=\"article:publisher\" content=\"https:\/\/www.facebook.com\/centralwire\/\" \/>\n<meta property=\"article:modified_time\" content=\"2019-10-11T18:36:44+00:00\" \/>\n<meta name=\"twitter:card\" content=\"summary_large_image\" \/>\n<meta name=\"twitter:site\" content=\"@centralwire\" \/>\n<meta name=\"twitter:label1\" content=\"Dur\u00e9e de lecture estim\u00e9e\" \/>\n\t<meta name=\"twitter:data1\" content=\"2 minutes\" \/>\n<script type=\"application\/ld+json\" class=\"yoast-schema-graph\">{\"@context\":\"https:\\\/\\\/schema.org\",\"@graph\":[{\"@type\":\"WebPage\",\"@id\":\"https:\\\/\\\/centralwire.com\\\/terms-of-use\\\/\",\"url\":\"https:\\\/\\\/centralwire.com\\\/terms-of-use\\\/\",\"name\":\"Terms Of Use | Central Wire\",\"isPartOf\":{\"@id\":\"https:\\\/\\\/centralwire.com\\\/#website\"},\"datePublished\":\"2019-08-14T13:26:55+00:00\",\"dateModified\":\"2019-10-11T18:36:44+00:00\",\"breadcrumb\":{\"@id\":\"https:\\\/\\\/centralwire.com\\\/terms-of-use\\\/#breadcrumb\"},\"inLanguage\":\"fr-FR\",\"potentialAction\":[{\"@type\":\"ReadAction\",\"target\":[\"https:\\\/\\\/centralwire.com\\\/terms-of-use\\\/\"]}]},{\"@type\":\"BreadcrumbList\",\"@id\":\"https:\\\/\\\/centralwire.com\\\/terms-of-use\\\/#breadcrumb\",\"itemListElement\":[{\"@type\":\"ListItem\",\"position\":1,\"name\":\"Home\",\"item\":\"https:\\\/\\\/centralwire.com\\\/\"},{\"@type\":\"ListItem\",\"position\":2,\"name\":\"Terms Of Use\"}]},{\"@type\":\"WebSite\",\"@id\":\"https:\\\/\\\/centralwire.com\\\/#website\",\"url\":\"https:\\\/\\\/centralwire.com\\\/\",\"name\":\"Central Wire\",\"description\":\"Drawing on Innovation\",\"publisher\":{\"@id\":\"https:\\\/\\\/centralwire.com\\\/#organization\"},\"potentialAction\":[{\"@type\":\"SearchAction\",\"target\":{\"@type\":\"EntryPoint\",\"urlTemplate\":\"https:\\\/\\\/centralwire.com\\\/?s={search_term_string}\"},\"query-input\":{\"@type\":\"PropertyValueSpecification\",\"valueRequired\":true,\"valueName\":\"search_term_string\"}}],\"inLanguage\":\"fr-FR\"},{\"@type\":\"Organization\",\"@id\":\"https:\\\/\\\/centralwire.com\\\/#organization\",\"name\":\"Central Wire Inc.\",\"alternateName\":\"Central Wire Group of Companies\",\"url\":\"https:\\\/\\\/centralwire.com\\\/\",\"logo\":{\"@type\":\"ImageObject\",\"inLanguage\":\"fr-FR\",\"@id\":\"https:\\\/\\\/centralwire.com\\\/#\\\/schema\\\/logo\\\/image\\\/\",\"url\":\"https:\\\/\\\/cdn.centralwire.com\\\/wp-content\\\/uploads\\\/2023\\\/03\\\/CWI-Group-Logo-1.png?strip=all&lossy=1&ssl=1\",\"contentUrl\":\"https:\\\/\\\/cdn.centralwire.com\\\/wp-content\\\/uploads\\\/2023\\\/03\\\/CWI-Group-Logo-1.png?strip=all&lossy=1&ssl=1\",\"width\":1400,\"height\":650,\"caption\":\"Central Wire Inc.\"},\"image\":{\"@id\":\"https:\\\/\\\/centralwire.com\\\/#\\\/schema\\\/logo\\\/image\\\/\"},\"sameAs\":[\"https:\\\/\\\/www.facebook.com\\\/centralwire\\\/\",\"https:\\\/\\\/x.com\\\/centralwire\",\"https:\\\/\\\/www.linkedin.com\\\/company\\\/central-wire\"]}]}<\/script>\n<!-- \/ Yoast SEO Premium plugin. -->","yoast_head_json":{"title":"Conditions d&#039;utilisation | Fil central","robots":{"index":"index","follow":"follow","max-snippet":"max-snippet:-1","max-image-preview":"max-image-preview:large","max-video-preview":"max-video-preview:-1"},"canonical":"https:\/\/centralwire.com\/fr\/terms-of-use\/","og_locale":"fr_FR","og_type":"article","og_title":"Terms Of Use","og_description":"Welcome to our website. If you continue to browse and use this website you are agreeing to comply with and be bound by the following terms and conditions of use, which together with our privacy policy govern CENTRAL WIRE INDUSTRIES relationship with you in relation to this website. Central Wire Industries The term \u2018CENTRAL WIRE [&hellip;]","og_url":"https:\/\/centralwire.com\/fr\/terms-of-use\/","og_site_name":"Central Wire","article_publisher":"https:\/\/www.facebook.com\/centralwire\/","article_modified_time":"2019-10-11T18:36:44+00:00","twitter_card":"summary_large_image","twitter_site":"@centralwire","twitter_misc":{"Dur\u00e9e de lecture estim\u00e9e":"2 minutes"},"schema":{"@context":"https:\/\/schema.org","@graph":[{"@type":"WebPage","@id":"https:\/\/centralwire.com\/terms-of-use\/","url":"https:\/\/centralwire.com\/terms-of-use\/","name":"Conditions d&#039;utilisation | Fil central","isPartOf":{"@id":"https:\/\/centralwire.com\/#website"},"datePublished":"2019-08-14T13:26:55+00:00","dateModified":"2019-10-11T18:36:44+00:00","breadcrumb":{"@id":"https:\/\/centralwire.com\/terms-of-use\/#breadcrumb"},"inLanguage":"fr-FR","potentialAction":[{"@type":"ReadAction","target":["https:\/\/centralwire.com\/terms-of-use\/"]}]},{"@type":"BreadcrumbList","@id":"https:\/\/centralwire.com\/terms-of-use\/#breadcrumb","itemListElement":[{"@type":"ListItem","position":1,"name":"Home","item":"https:\/\/centralwire.com\/"},{"@type":"ListItem","position":2,"name":"Terms Of Use"}]},{"@type":"WebSite","@id":"https:\/\/centralwire.com\/#website","url":"https:\/\/centralwire.com\/","name":"Fil central","description":"S'appuyant sur l'innovation","publisher":{"@id":"https:\/\/centralwire.com\/#organization"},"potentialAction":[{"@type":"SearchAction","target":{"@type":"EntryPoint","urlTemplate":"https:\/\/centralwire.com\/?s={search_term_string}"},"query-input":{"@type":"PropertyValueSpecification","valueRequired":true,"valueName":"search_term_string"}}],"inLanguage":"fr-FR"},{"@type":"Organization","@id":"https:\/\/centralwire.com\/#organization","name":"Central Wire Inc.","alternateName":"Central Wire Group of Companies","url":"https:\/\/centralwire.com\/","logo":{"@type":"ImageObject","inLanguage":"fr-FR","@id":"https:\/\/centralwire.com\/#\/schema\/logo\/image\/","url":"https:\/\/cdn.centralwire.com\/wp-content\/uploads\/2023\/03\/CWI-Group-Logo-1.png?strip=all&lossy=1&ssl=1","contentUrl":"https:\/\/cdn.centralwire.com\/wp-content\/uploads\/2023\/03\/CWI-Group-Logo-1.png?strip=all&lossy=1&ssl=1","width":1400,"height":650,"caption":"Central Wire Inc."},"image":{"@id":"https:\/\/centralwire.com\/#\/schema\/logo\/image\/"},"sameAs":["https:\/\/www.facebook.com\/centralwire\/","https:\/\/x.com\/centralwire","https:\/\/www.linkedin.com\/company\/central-wire"]}]}},"_links":{"self":[{"href":"https:\/\/centralwire.com\/fr\/wp-json\/wp\/v2\/pages\/1490","targetHints":{"allow":["GET"]}}],"collection":[{"href":"https:\/\/centralwire.com\/fr\/wp-json\/wp\/v2\/pages"}],"about":[{"href":"https:\/\/centralwire.com\/fr\/wp-json\/wp\/v2\/types\/page"}],"author":[{"embeddable":true,"href":"https:\/\/centralwire.com\/fr\/wp-json\/wp\/v2\/users\/7"}],"replies":[{"embeddable":true,"href":"https:\/\/centralwire.com\/fr\/wp-json\/wp\/v2\/comments?post=1490"}],"version-history":[{"count":0,"href":"https:\/\/centralwire.com\/fr\/wp-json\/wp\/v2\/pages\/1490\/revisions"}],"wp:attachment":[{"href":"https:\/\/centralwire.com\/fr\/wp-json\/wp\/v2\/media?parent=1490"}],"curies":[{"name":"wp","href":"https:\/\/api.w.org\/{rel}","templated":true}]}}