{"id":3775,"date":"2021-08-06T13:21:47","date_gmt":"2021-08-06T17:21:47","guid":{"rendered":"https:\/\/sha.c13.myftpupload.com\/?page_id=3775"},"modified":"2023-12-11T13:50:56","modified_gmt":"2023-12-11T18:50:56","slug":"copper-wire-in-music","status":"publish","type":"page","link":"https:\/\/centralwire.com\/de\/products\/copper-wire\/copper-wire-in-music\/","title":{"rendered":"Kupferdraht in der Musik"},"content":{"rendered":"\n<p><\/p>\n\n\n\n<p>Title<br>Copper music wire is made for strength and flexibility. For added brilliance and projection, consider a CWI red metal wire. These wires can be used for piano, organ, guitar, violin, and many other stringed instruments. Music wire can withstand high tension and rugged use, reducing replacements, and saving you money over time.<br><br>3760,3768,3756,3758<br>4<br>thumbnail<br><br>Request Info About Copper Wire in Music<br><a href=\"https:\/\/centralwire.com\/products\/copper-wire\/copper-wire-in-music\/#contactform\">https:\/\/centralwire.com\/products\/copper-wire\/copper-wire-in-music\/#contactform<\/a><br>center<br>left<br>2<br><br>Benefits<br>icon<br>product-heading<br><br>There are many benefits to using copper wire in musical wire.\r<br>\r<br>Corrosion-resistant: When it comes to keeping your music instruments in ideal condition, consider a high-quality durable wire that\u2019s corrosion and rust resistant.\r<br>Ductility: For music wire that\u2019s soft on the hands, flexible, and malleable, choose a <a href=\"https:\/\/centralwire.com\/products\/copper-wire\/\">red metal wire.<\/a> In addition, annealed copper has often been used in winding wire because of its ductility.\r<br>Brilliant: Music wire material is often on full display for musicians. Aside from its chemical properties, copper <a href=\"https:\/\/centralwire.com\/alloys\/\">alloys<\/a> offer brilliance and shine.\r<br><br><br>Applications<br>icon<br>product-heading<br><br>\r<br>Hand-held string instruments: Most guitar wire is composed of copper. Copper wire offers good elasticity and acoustic fidelity for guitar players.\r<br>Music Wire Springs: Copper wire is an ideal choice for music wire for springs. Music wire spring material offers flexibility to fit into tight spaces.\r<br>Pianos: About a third of a piano is strung with copper-wound strings. The extra mass of the copper helps creates lower pitches in this <a href=\"https:\/\/blog.centralwire.com\/blog\/three-applications-for-cwi-copper-wire\" target=\"_blank\" rel=\"noopener noreferrer\">application.<\/a>\r<br><br><br>Products<br>icon<br>product-heading<br><br>Central Wire is a music wire supplier that offers single strand and multistrand options. Depending on the music wire properties you require, <a href=\"https:\/\/centralwire.com\/contact\/\">we can help you<\/a> find the perfect copper wire product.\r<br><h3><a href=\"https:\/\/centralwire.com\/products\/fine-wire\/\">Fine Wire<\/a><\/h3>\r<br>CWI manufacturers fine wire in dimensions from 0.001\u201d (0.0254mm) up to .032\u201d (0.0812mm). Contact a salesperson to determine your needed wire gauge. Our fine wire is often also used in <a href=\"https:\/\/www.looscomedtech.com\/\">medical applications.<\/a>\r<br><h3><a href=\"https:\/\/centralwire.com\/products\/spring-wire\/\">Spring Wire<\/a><\/h3>\r<br>Our copper spring wire exhibits excellent coiling ability at high speeds. Tensile strengths range from gull soft to full hard \u201cspring temper.\u201d Standard wire manufacturing is in sizes from 0.022\u201d (0.60mm) up to 0.625\u201d (20.00mm).\r<br>\u00a0\r<br><a><\/a><br><br>Get Copper Wire Quote<br>icon<br>icon-comment-fa<br>get-quote<br><br>quote form<br><!-- [if lte IE 8]&gt;-->\r<br>\r<br>\r<br> \r<br>  hbspt.forms.create({\r<br>\tportalId: \\&#8221;4114899\\&#8221;,\r<br>\tformId: \\&#8221;27d9b8e5-bad9-4877-a7e0-aa55e7071742\\&#8221;\r<br>});\r<br><br><br><\/p>\n","protected":false},"excerpt":{"rendered":"<p>TitleCopper music wire is made for strength and flexibility. For added brilliance and projection, consider a CWI red metal wire. These wires can be used for piano, organ, guitar, violin, and many other stringed instruments. Music wire can withstand high tension and rugged use, reducing replacements, and saving you money over time. 3760,3768,3756,37584thumbnail Request Info [&hellip;]<\/p>\n","protected":false},"author":24,"featured_media":3791,"parent":7954,"menu_order":0,"comment_status":"closed","ping_status":"closed","template":"","meta":{"content-type":"","inline_featured_image":false,"footnotes":""},"class_list":["post-3775","page","type-page","status-publish","has-post-thumbnail","hentry"],"yoast_head":"<!-- This site is optimized with the Yoast SEO Premium plugin v27.3 (Yoast SEO v27.3) - https:\/\/yoast.com\/product\/yoast-seo-premium-wordpress\/ -->\n<title>Copper Wire in Music | Copper, Bronze and Brass for Instruments<\/title>\n<meta name=\"description\" content=\"Copper wire is commonly found in musical applications. Need copper wire for your guitar or piano? Contact us today at CWI and receive a quote.\" \/>\n<meta name=\"robots\" content=\"index, follow, max-snippet:-1, max-image-preview:large, max-video-preview:-1\" \/>\n<link rel=\"canonical\" href=\"https:\/\/centralwire.com\/de\/products\/copper-wire\/copper-wire-in-music\/\" \/>\n<meta property=\"og:locale\" content=\"de_DE\" \/>\n<meta property=\"og:type\" content=\"article\" \/>\n<meta property=\"og:title\" content=\"Copper Wire in Music\" \/>\n<meta property=\"og:description\" content=\"Copper wire is commonly found in musical applications. Need copper wire for your guitar or piano? Contact us today at CWI and receive a quote.\" \/>\n<meta property=\"og:url\" content=\"https:\/\/centralwire.com\/de\/products\/copper-wire\/copper-wire-in-music\/\" \/>\n<meta property=\"og:site_name\" content=\"Central Wire\" \/>\n<meta property=\"article:publisher\" content=\"https:\/\/www.facebook.com\/centralwire\/\" \/>\n<meta property=\"article:modified_time\" content=\"2023-12-11T18:50:56+00:00\" \/>\n<meta property=\"og:image\" content=\"https:\/\/centralwire.com\/wp-content\/uploads\/2021\/08\/miscellaneous.jpg-Edit.jpg\" \/>\n\t<meta property=\"og:image:width\" content=\"671\" \/>\n\t<meta property=\"og:image:height\" content=\"493\" \/>\n\t<meta property=\"og:image:type\" content=\"image\/jpeg\" \/>\n<meta name=\"twitter:card\" content=\"summary_large_image\" \/>\n<meta name=\"twitter:site\" content=\"@centralwire\" \/>\n<meta name=\"twitter:label1\" content=\"Gesch\u00e4tzte Lesezeit\" \/>\n\t<meta name=\"twitter:data1\" content=\"2\u00a0Minuten\" \/>\n<script type=\"application\/ld+json\" class=\"yoast-schema-graph\">{\"@context\":\"https:\\\/\\\/schema.org\",\"@graph\":[{\"@type\":\"WebPage\",\"@id\":\"https:\\\/\\\/centralwire.com\\\/products\\\/copper-wire\\\/copper-wire-in-music\\\/\",\"url\":\"https:\\\/\\\/centralwire.com\\\/products\\\/copper-wire\\\/copper-wire-in-music\\\/\",\"name\":\"Copper Wire in Music | Copper, Bronze and Brass for Instruments\",\"isPartOf\":{\"@id\":\"https:\\\/\\\/centralwire.com\\\/#website\"},\"primaryImageOfPage\":{\"@id\":\"https:\\\/\\\/centralwire.com\\\/products\\\/copper-wire\\\/copper-wire-in-music\\\/#primaryimage\"},\"image\":{\"@id\":\"https:\\\/\\\/centralwire.com\\\/products\\\/copper-wire\\\/copper-wire-in-music\\\/#primaryimage\"},\"thumbnailUrl\":\"https:\\\/\\\/centralwire.com\\\/wp-content\\\/uploads\\\/2021\\\/08\\\/miscellaneous.jpg-Edit.jpg\",\"datePublished\":\"2021-08-06T17:21:47+00:00\",\"dateModified\":\"2023-12-11T18:50:56+00:00\",\"description\":\"Copper wire is commonly found in musical applications. Need copper wire for your guitar or piano? Contact us today at CWI and receive a quote.\",\"breadcrumb\":{\"@id\":\"https:\\\/\\\/centralwire.com\\\/products\\\/copper-wire\\\/copper-wire-in-music\\\/#breadcrumb\"},\"inLanguage\":\"de\",\"potentialAction\":[{\"@type\":\"ReadAction\",\"target\":[\"https:\\\/\\\/centralwire.com\\\/products\\\/copper-wire\\\/copper-wire-in-music\\\/\"]}]},{\"@type\":\"ImageObject\",\"inLanguage\":\"de\",\"@id\":\"https:\\\/\\\/centralwire.com\\\/products\\\/copper-wire\\\/copper-wire-in-music\\\/#primaryimage\",\"url\":\"https:\\\/\\\/centralwire.com\\\/wp-content\\\/uploads\\\/2021\\\/08\\\/miscellaneous.jpg-Edit.jpg\",\"contentUrl\":\"https:\\\/\\\/centralwire.com\\\/wp-content\\\/uploads\\\/2021\\\/08\\\/miscellaneous.jpg-Edit.jpg\",\"width\":671,\"height\":493},{\"@type\":\"BreadcrumbList\",\"@id\":\"https:\\\/\\\/centralwire.com\\\/products\\\/copper-wire\\\/copper-wire-in-music\\\/#breadcrumb\",\"itemListElement\":[{\"@type\":\"ListItem\",\"position\":1,\"name\":\"Home\",\"item\":\"https:\\\/\\\/centralwire.com\\\/\"},{\"@type\":\"ListItem\",\"position\":2,\"name\":\"Products\",\"item\":\"https:\\\/\\\/centralwire.com\\\/it\\\/?page_id=302\"},{\"@type\":\"ListItem\",\"position\":3,\"name\":\"Wire Excellence: Copper, Brass, Bronze, &#038; Nickel Metals\",\"item\":\"https:\\\/\\\/centralwire.com\\\/products\\\/copper-wire\\\/\"},{\"@type\":\"ListItem\",\"position\":4,\"name\":\"Copper Wire in Music\"}]},{\"@type\":\"WebSite\",\"@id\":\"https:\\\/\\\/centralwire.com\\\/#website\",\"url\":\"https:\\\/\\\/centralwire.com\\\/\",\"name\":\"Central Wire\",\"description\":\"Drawing on Innovation\",\"publisher\":{\"@id\":\"https:\\\/\\\/centralwire.com\\\/#organization\"},\"potentialAction\":[{\"@type\":\"SearchAction\",\"target\":{\"@type\":\"EntryPoint\",\"urlTemplate\":\"https:\\\/\\\/centralwire.com\\\/?s={search_term_string}\"},\"query-input\":{\"@type\":\"PropertyValueSpecification\",\"valueRequired\":true,\"valueName\":\"search_term_string\"}}],\"inLanguage\":\"de\"},{\"@type\":\"Organization\",\"@id\":\"https:\\\/\\\/centralwire.com\\\/#organization\",\"name\":\"Central Wire Inc.\",\"alternateName\":\"Central Wire Group of Companies\",\"url\":\"https:\\\/\\\/centralwire.com\\\/\",\"logo\":{\"@type\":\"ImageObject\",\"inLanguage\":\"de\",\"@id\":\"https:\\\/\\\/centralwire.com\\\/#\\\/schema\\\/logo\\\/image\\\/\",\"url\":\"https:\\\/\\\/cdn.centralwire.com\\\/wp-content\\\/uploads\\\/2023\\\/03\\\/CWI-Group-Logo-1.png?strip=all&lossy=1&ssl=1\",\"contentUrl\":\"https:\\\/\\\/cdn.centralwire.com\\\/wp-content\\\/uploads\\\/2023\\\/03\\\/CWI-Group-Logo-1.png?strip=all&lossy=1&ssl=1\",\"width\":1400,\"height\":650,\"caption\":\"Central Wire Inc.\"},\"image\":{\"@id\":\"https:\\\/\\\/centralwire.com\\\/#\\\/schema\\\/logo\\\/image\\\/\"},\"sameAs\":[\"https:\\\/\\\/www.facebook.com\\\/centralwire\\\/\",\"https:\\\/\\\/x.com\\\/centralwire\",\"https:\\\/\\\/www.linkedin.com\\\/company\\\/central-wire\"]}]}<\/script>\n<!-- \/ Yoast SEO Premium plugin. -->","yoast_head_json":{"title":"Kupferdraht in der Musik | Kupfer, Bronze und Messing f\u00fcr Instrumente","description":"Kupferdraht findet man h\u00e4ufig in musikalischen Anwendungen. Brauchen Sie Kupferdraht f\u00fcr Ihre Gitarre oder Ihr Klavier? Kontaktieren Sie uns noch heute bei CWI und erhalten Sie ein Angebot.","robots":{"index":"index","follow":"follow","max-snippet":"max-snippet:-1","max-image-preview":"max-image-preview:large","max-video-preview":"max-video-preview:-1"},"canonical":"https:\/\/centralwire.com\/de\/products\/copper-wire\/copper-wire-in-music\/","og_locale":"de_DE","og_type":"article","og_title":"Copper Wire in Music","og_description":"Copper wire is commonly found in musical applications. Need copper wire for your guitar or piano? Contact us today at CWI and receive a quote.","og_url":"https:\/\/centralwire.com\/de\/products\/copper-wire\/copper-wire-in-music\/","og_site_name":"Central Wire","article_publisher":"https:\/\/www.facebook.com\/centralwire\/","article_modified_time":"2023-12-11T18:50:56+00:00","og_image":[{"width":671,"height":493,"url":"https:\/\/centralwire.com\/wp-content\/uploads\/2021\/08\/miscellaneous.jpg-Edit.jpg","type":"image\/jpeg"}],"twitter_card":"summary_large_image","twitter_site":"@centralwire","twitter_misc":{"Gesch\u00e4tzte Lesezeit":"2\u00a0Minuten"},"schema":{"@context":"https:\/\/schema.org","@graph":[{"@type":"WebPage","@id":"https:\/\/centralwire.com\/products\/copper-wire\/copper-wire-in-music\/","url":"https:\/\/centralwire.com\/products\/copper-wire\/copper-wire-in-music\/","name":"Kupferdraht in der Musik | Kupfer, Bronze und Messing f\u00fcr Instrumente","isPartOf":{"@id":"https:\/\/centralwire.com\/#website"},"primaryImageOfPage":{"@id":"https:\/\/centralwire.com\/products\/copper-wire\/copper-wire-in-music\/#primaryimage"},"image":{"@id":"https:\/\/centralwire.com\/products\/copper-wire\/copper-wire-in-music\/#primaryimage"},"thumbnailUrl":"https:\/\/centralwire.com\/wp-content\/uploads\/2021\/08\/miscellaneous.jpg-Edit.jpg","datePublished":"2021-08-06T17:21:47+00:00","dateModified":"2023-12-11T18:50:56+00:00","description":"Kupferdraht findet man h\u00e4ufig in musikalischen Anwendungen. Brauchen Sie Kupferdraht f\u00fcr Ihre Gitarre oder Ihr Klavier? Kontaktieren Sie uns noch heute bei CWI und erhalten Sie ein Angebot.","breadcrumb":{"@id":"https:\/\/centralwire.com\/products\/copper-wire\/copper-wire-in-music\/#breadcrumb"},"inLanguage":"de","potentialAction":[{"@type":"ReadAction","target":["https:\/\/centralwire.com\/products\/copper-wire\/copper-wire-in-music\/"]}]},{"@type":"ImageObject","inLanguage":"de","@id":"https:\/\/centralwire.com\/products\/copper-wire\/copper-wire-in-music\/#primaryimage","url":"https:\/\/centralwire.com\/wp-content\/uploads\/2021\/08\/miscellaneous.jpg-Edit.jpg","contentUrl":"https:\/\/centralwire.com\/wp-content\/uploads\/2021\/08\/miscellaneous.jpg-Edit.jpg","width":671,"height":493},{"@type":"BreadcrumbList","@id":"https:\/\/centralwire.com\/products\/copper-wire\/copper-wire-in-music\/#breadcrumb","itemListElement":[{"@type":"ListItem","position":1,"name":"Home","item":"https:\/\/centralwire.com\/"},{"@type":"ListItem","position":2,"name":"Products","item":"https:\/\/centralwire.com\/it\/?page_id=302"},{"@type":"ListItem","position":3,"name":"Wire Excellence: Copper, Brass, Bronze, &#038; Nickel Metals","item":"https:\/\/centralwire.com\/products\/copper-wire\/"},{"@type":"ListItem","position":4,"name":"Copper Wire in Music"}]},{"@type":"WebSite","@id":"https:\/\/centralwire.com\/#website","url":"https:\/\/centralwire.com\/","name":"Zentraler Draht","description":"Aus Innovation sch\u00f6pfen","publisher":{"@id":"https:\/\/centralwire.com\/#organization"},"potentialAction":[{"@type":"SearchAction","target":{"@type":"EntryPoint","urlTemplate":"https:\/\/centralwire.com\/?s={search_term_string}"},"query-input":{"@type":"PropertyValueSpecification","valueRequired":true,"valueName":"search_term_string"}}],"inLanguage":"de"},{"@type":"Organization","@id":"https:\/\/centralwire.com\/#organization","name":"Central Wire Inc.","alternateName":"Central Wire Group of Companies","url":"https:\/\/centralwire.com\/","logo":{"@type":"ImageObject","inLanguage":"de","@id":"https:\/\/centralwire.com\/#\/schema\/logo\/image\/","url":"https:\/\/cdn.centralwire.com\/wp-content\/uploads\/2023\/03\/CWI-Group-Logo-1.png?strip=all&lossy=1&ssl=1","contentUrl":"https:\/\/cdn.centralwire.com\/wp-content\/uploads\/2023\/03\/CWI-Group-Logo-1.png?strip=all&lossy=1&ssl=1","width":1400,"height":650,"caption":"Central Wire Inc."},"image":{"@id":"https:\/\/centralwire.com\/#\/schema\/logo\/image\/"},"sameAs":["https:\/\/www.facebook.com\/centralwire\/","https:\/\/x.com\/centralwire","https:\/\/www.linkedin.com\/company\/central-wire"]}]}},"_links":{"self":[{"href":"https:\/\/centralwire.com\/de\/wp-json\/wp\/v2\/pages\/3775","targetHints":{"allow":["GET"]}}],"collection":[{"href":"https:\/\/centralwire.com\/de\/wp-json\/wp\/v2\/pages"}],"about":[{"href":"https:\/\/centralwire.com\/de\/wp-json\/wp\/v2\/types\/page"}],"author":[{"embeddable":true,"href":"https:\/\/centralwire.com\/de\/wp-json\/wp\/v2\/users\/24"}],"replies":[{"embeddable":true,"href":"https:\/\/centralwire.com\/de\/wp-json\/wp\/v2\/comments?post=3775"}],"version-history":[{"count":0,"href":"https:\/\/centralwire.com\/de\/wp-json\/wp\/v2\/pages\/3775\/revisions"}],"up":[{"embeddable":true,"href":"https:\/\/centralwire.com\/de\/wp-json\/wp\/v2\/pages\/7954"}],"wp:featuredmedia":[{"embeddable":true,"href":"https:\/\/centralwire.com\/de\/wp-json\/wp\/v2\/media\/3791"}],"wp:attachment":[{"href":"https:\/\/centralwire.com\/de\/wp-json\/wp\/v2\/media?parent=3775"}],"curies":[{"name":"wp","href":"https:\/\/api.w.org\/{rel}","templated":true}]}}