{"id":1494,"date":"2019-08-14T08:37:21","date_gmt":"2019-08-14T13:37:21","guid":{"rendered":"http:\/\/dev.centralwire.com\/?page_id=1494"},"modified":"2019-10-11T13:36:06","modified_gmt":"2019-10-11T18:36:06","slug":"privacy-policy","status":"publish","type":"page","link":"https:\/\/centralwire.com\/de\/privacy-policy\/","title":{"rendered":"Datenschutz-Bestimmungen"},"content":{"rendered":"<p>Central Wire Industries (und seine Tochtergesellschaften) verpflichtet sich, die Privatsph\u00e4re von Einzelpersonen zu respektieren und erkennt die Notwendigkeit von Personen, mit denen wir Gesch\u00e4fte t\u00e4tigen (Kunden, Kunden, Lieferanten usw.), und Mitarbeitern an, personenbezogene Daten angemessen zu verwalten und zu sch\u00fctzen die Sie bereit sind, uns zur Verf\u00fcgung zu stellen.<\/p>\n<p>Unser Datenschutz-Managementplan enth\u00e4lt Richtlinien zur Erfassung, Speicherung, Verwendung und Aufbewahrung Ihrer personenbezogenen Daten wie folgt:<\/p>\n<p><strong>Sammlung:<\/strong> Die Organisation sammelt personenbezogene Daten \u00fcber Einzelpersonen (Kunden, Lieferanten, Mitarbeiter usw.), um ihre Gesch\u00e4fte besser zu verwalten. Die Organisation wird alle angemessenen Anstrengungen unternehmen, um diese Personen vollst\u00e4ndig \u00fcber die geplante Verwendung\/Offenlegung zu informieren. Die Organisation beschr\u00e4nkt die Erhebung und Verwendung personenbezogener Daten auf das, was f\u00fcr g\u00fcltige Gesch\u00e4ftszwecke oder zur Einhaltung von Gesetzen erforderlich ist.<\/p>\n<p><strong>Genauigkeit:<\/strong> Die Organisation wird alle angemessenen Anstrengungen unternehmen, um sicherzustellen, dass die von ihr erfassten und verwendeten personenbezogenen Daten korrekt und vollst\u00e4ndig sind. Personen, die personenbezogene Daten bereitstellen, haben die M\u00f6glichkeit, ihre personenbezogenen Daten zu \u00fcberpr\u00fcfen und zu korrigieren, und auf schriftliche Anfrage einer Person, auf die sich die Informationen beziehen, wird die Organisation die Informationen nach Bedarf \u00e4ndern.<\/p>\n<p><strong>Lagerung:<\/strong> Die Organisation speichert personenbezogene Daten in Papierform und\/oder auf elektronischem Weg so, dass unbefugte Erfassung, Zugriff, Verwendung, Offenlegung oder Vernichtung der personenbezogenen Daten verhindert werden.<\/p>\n<p><strong>Zur\u00fcckbehaltung:<\/strong> Die Organisation legt eine Aufbewahrungsfrist f\u00fcr alle erfassten personenbezogenen Daten fest. Dieser Zeitraum entspricht allen anwendbaren Gesetzen auf Bundes-, Provinz-, Landes- und lokaler Ebene, z. B. PIPEDA, Besch\u00e4ftigungsstandards, HIPAA, Titel VII.<\/p>\n<p><strong>Offenlegung:<\/strong> Die Organisation wird personenbezogene Daten ohne die schriftliche Zustimmung der betroffenen Person nicht unn\u00f6tigerweise an Mitarbeiter oder Dritte weitergeben.<\/p>\n<p><strong>Zugang:<\/strong> Die Organisation f\u00f6rdert das Recht des Einzelnen auf Zugang zu pers\u00f6nlichen Informationen \u00fcber sich selbst. Der Arbeitgeber gew\u00e4hrt auf Anfrage Zugang zu Informationen. Der Zugang wird nach festgelegten Verfahren gew\u00e4hrt. Hinweis: Der Zugriff auf einen Datensatz kann der Zahlung einer Geb\u00fchr unterliegen, die gem\u00e4\u00df den Richtlinien der Organisation erforderlich ist.<\/p>\n<p>Zus\u00e4tzlich zu der Sorgfalt, die Central Wire Industries direkt \u00fcbernimmt, arbeiten wir auch mit all unseren Partnerorganisationen zusammen, die m\u00f6glicherweise irgendwann personenbezogene Daten verarbeiten, die von uns im Laufe ihrer Beziehung zu und ihres Dienstes f\u00fcr uns gesammelt wurden. Jeder Drittpartner hat zugestimmt, unsere Datenschutz-, Vertraulichkeits- und Sicherheitsstandards einzuhalten.<\/p>\n<p>Alle Mitarbeiter und Mitarbeiter von Drittanbietern, die in irgendeiner Weise personenbezogene Daten handhaben oder verwalten, haben unseren Datenschutzkodex und die Verfahren, die diesen Kodex unterst\u00fctzen, zur Kenntnis genommen und zugestimmt, sich daran zu halten.<\/p>\n<p><strong>F\u00fcr weitere Informationen wenden Sie sich bitte an:<br \/>\nTelefon: 613-257-3762<\/strong><\/p>\n<p>&nbsp;<\/p>\n<p>&nbsp;<\/p>","protected":false},"excerpt":{"rendered":"<p>Central Wire Industries (and its subsidiaries) is committed to respecting the privacy of individuals and recognizes the need of people with whom we do business (clients, customers, suppliers, etc.), and employees for the appropriate management and protection of any Personal Information that you agree to provide to us. Our Privacy Management Plan includes guidelines on [&hellip;]<\/p>\n","protected":false},"author":7,"featured_media":0,"parent":0,"menu_order":0,"comment_status":"closed","ping_status":"closed","template":"","meta":{"content-type":"","inline_featured_image":false,"footnotes":""},"class_list":["post-1494","page","type-page","status-publish","hentry"],"yoast_head":"<!-- This site is optimized with the Yoast SEO Premium plugin v27.3 (Yoast SEO v27.3) - https:\/\/yoast.com\/product\/yoast-seo-premium-wordpress\/ -->\n<title>Privacy Policy | Central Wire<\/title>\n<meta name=\"robots\" content=\"index, follow, max-snippet:-1, max-image-preview:large, max-video-preview:-1\" \/>\n<link rel=\"canonical\" href=\"https:\/\/centralwire.com\/de\/privacy-policy\/\" \/>\n<meta property=\"og:locale\" content=\"de_DE\" \/>\n<meta property=\"og:type\" content=\"article\" \/>\n<meta property=\"og:title\" content=\"Privacy Policy\" \/>\n<meta property=\"og:description\" content=\"Central Wire Industries (and its subsidiaries) is committed to respecting the privacy of individuals and recognizes the need of people with whom we do business (clients, customers, suppliers, etc.), and employees for the appropriate management and protection of any Personal Information that you agree to provide to us. Our Privacy Management Plan includes guidelines on [&hellip;]\" \/>\n<meta property=\"og:url\" content=\"https:\/\/centralwire.com\/de\/privacy-policy\/\" \/>\n<meta property=\"og:site_name\" content=\"Central Wire\" \/>\n<meta property=\"article:publisher\" content=\"https:\/\/www.facebook.com\/centralwire\/\" \/>\n<meta property=\"article:modified_time\" content=\"2019-10-11T18:36:06+00:00\" \/>\n<meta name=\"twitter:card\" content=\"summary_large_image\" \/>\n<meta name=\"twitter:site\" content=\"@centralwire\" \/>\n<meta name=\"twitter:label1\" content=\"Gesch\u00e4tzte Lesezeit\" \/>\n\t<meta name=\"twitter:data1\" content=\"2\u00a0Minuten\" \/>\n<script type=\"application\/ld+json\" class=\"yoast-schema-graph\">{\"@context\":\"https:\\\/\\\/schema.org\",\"@graph\":[{\"@type\":\"WebPage\",\"@id\":\"https:\\\/\\\/centralwire.com\\\/privacy-policy\\\/\",\"url\":\"https:\\\/\\\/centralwire.com\\\/privacy-policy\\\/\",\"name\":\"Privacy Policy | Central Wire\",\"isPartOf\":{\"@id\":\"https:\\\/\\\/centralwire.com\\\/#website\"},\"datePublished\":\"2019-08-14T13:37:21+00:00\",\"dateModified\":\"2019-10-11T18:36:06+00:00\",\"breadcrumb\":{\"@id\":\"https:\\\/\\\/centralwire.com\\\/privacy-policy\\\/#breadcrumb\"},\"inLanguage\":\"de\",\"potentialAction\":[{\"@type\":\"ReadAction\",\"target\":[\"https:\\\/\\\/centralwire.com\\\/privacy-policy\\\/\"]}]},{\"@type\":\"BreadcrumbList\",\"@id\":\"https:\\\/\\\/centralwire.com\\\/privacy-policy\\\/#breadcrumb\",\"itemListElement\":[{\"@type\":\"ListItem\",\"position\":1,\"name\":\"Home\",\"item\":\"https:\\\/\\\/centralwire.com\\\/\"},{\"@type\":\"ListItem\",\"position\":2,\"name\":\"Privacy Policy\"}]},{\"@type\":\"WebSite\",\"@id\":\"https:\\\/\\\/centralwire.com\\\/#website\",\"url\":\"https:\\\/\\\/centralwire.com\\\/\",\"name\":\"Central Wire\",\"description\":\"Drawing on Innovation\",\"publisher\":{\"@id\":\"https:\\\/\\\/centralwire.com\\\/#organization\"},\"potentialAction\":[{\"@type\":\"SearchAction\",\"target\":{\"@type\":\"EntryPoint\",\"urlTemplate\":\"https:\\\/\\\/centralwire.com\\\/?s={search_term_string}\"},\"query-input\":{\"@type\":\"PropertyValueSpecification\",\"valueRequired\":true,\"valueName\":\"search_term_string\"}}],\"inLanguage\":\"de\"},{\"@type\":\"Organization\",\"@id\":\"https:\\\/\\\/centralwire.com\\\/#organization\",\"name\":\"Central Wire Inc.\",\"alternateName\":\"Central Wire Group of Companies\",\"url\":\"https:\\\/\\\/centralwire.com\\\/\",\"logo\":{\"@type\":\"ImageObject\",\"inLanguage\":\"de\",\"@id\":\"https:\\\/\\\/centralwire.com\\\/#\\\/schema\\\/logo\\\/image\\\/\",\"url\":\"https:\\\/\\\/cdn.centralwire.com\\\/wp-content\\\/uploads\\\/2023\\\/03\\\/CWI-Group-Logo-1.png?strip=all&lossy=1&ssl=1\",\"contentUrl\":\"https:\\\/\\\/cdn.centralwire.com\\\/wp-content\\\/uploads\\\/2023\\\/03\\\/CWI-Group-Logo-1.png?strip=all&lossy=1&ssl=1\",\"width\":1400,\"height\":650,\"caption\":\"Central Wire Inc.\"},\"image\":{\"@id\":\"https:\\\/\\\/centralwire.com\\\/#\\\/schema\\\/logo\\\/image\\\/\"},\"sameAs\":[\"https:\\\/\\\/www.facebook.com\\\/centralwire\\\/\",\"https:\\\/\\\/x.com\\\/centralwire\",\"https:\\\/\\\/www.linkedin.com\\\/company\\\/central-wire\"]}]}<\/script>\n<!-- \/ Yoast SEO Premium plugin. -->","yoast_head_json":{"title":"Datenschutzrichtlinie | Zentraler Draht","robots":{"index":"index","follow":"follow","max-snippet":"max-snippet:-1","max-image-preview":"max-image-preview:large","max-video-preview":"max-video-preview:-1"},"canonical":"https:\/\/centralwire.com\/de\/privacy-policy\/","og_locale":"de_DE","og_type":"article","og_title":"Privacy Policy","og_description":"Central Wire Industries (and its subsidiaries) is committed to respecting the privacy of individuals and recognizes the need of people with whom we do business (clients, customers, suppliers, etc.), and employees for the appropriate management and protection of any Personal Information that you agree to provide to us. Our Privacy Management Plan includes guidelines on [&hellip;]","og_url":"https:\/\/centralwire.com\/de\/privacy-policy\/","og_site_name":"Central Wire","article_publisher":"https:\/\/www.facebook.com\/centralwire\/","article_modified_time":"2019-10-11T18:36:06+00:00","twitter_card":"summary_large_image","twitter_site":"@centralwire","twitter_misc":{"Gesch\u00e4tzte Lesezeit":"2\u00a0Minuten"},"schema":{"@context":"https:\/\/schema.org","@graph":[{"@type":"WebPage","@id":"https:\/\/centralwire.com\/privacy-policy\/","url":"https:\/\/centralwire.com\/privacy-policy\/","name":"Datenschutzrichtlinie | Zentraler Draht","isPartOf":{"@id":"https:\/\/centralwire.com\/#website"},"datePublished":"2019-08-14T13:37:21+00:00","dateModified":"2019-10-11T18:36:06+00:00","breadcrumb":{"@id":"https:\/\/centralwire.com\/privacy-policy\/#breadcrumb"},"inLanguage":"de","potentialAction":[{"@type":"ReadAction","target":["https:\/\/centralwire.com\/privacy-policy\/"]}]},{"@type":"BreadcrumbList","@id":"https:\/\/centralwire.com\/privacy-policy\/#breadcrumb","itemListElement":[{"@type":"ListItem","position":1,"name":"Home","item":"https:\/\/centralwire.com\/"},{"@type":"ListItem","position":2,"name":"Privacy Policy"}]},{"@type":"WebSite","@id":"https:\/\/centralwire.com\/#website","url":"https:\/\/centralwire.com\/","name":"Zentraler Draht","description":"Aus Innovation sch\u00f6pfen","publisher":{"@id":"https:\/\/centralwire.com\/#organization"},"potentialAction":[{"@type":"SearchAction","target":{"@type":"EntryPoint","urlTemplate":"https:\/\/centralwire.com\/?s={search_term_string}"},"query-input":{"@type":"PropertyValueSpecification","valueRequired":true,"valueName":"search_term_string"}}],"inLanguage":"de"},{"@type":"Organization","@id":"https:\/\/centralwire.com\/#organization","name":"Central Wire Inc.","alternateName":"Central Wire Group of Companies","url":"https:\/\/centralwire.com\/","logo":{"@type":"ImageObject","inLanguage":"de","@id":"https:\/\/centralwire.com\/#\/schema\/logo\/image\/","url":"https:\/\/cdn.centralwire.com\/wp-content\/uploads\/2023\/03\/CWI-Group-Logo-1.png?strip=all&lossy=1&ssl=1","contentUrl":"https:\/\/cdn.centralwire.com\/wp-content\/uploads\/2023\/03\/CWI-Group-Logo-1.png?strip=all&lossy=1&ssl=1","width":1400,"height":650,"caption":"Central Wire Inc."},"image":{"@id":"https:\/\/centralwire.com\/#\/schema\/logo\/image\/"},"sameAs":["https:\/\/www.facebook.com\/centralwire\/","https:\/\/x.com\/centralwire","https:\/\/www.linkedin.com\/company\/central-wire"]}]}},"_links":{"self":[{"href":"https:\/\/centralwire.com\/de\/wp-json\/wp\/v2\/pages\/1494","targetHints":{"allow":["GET"]}}],"collection":[{"href":"https:\/\/centralwire.com\/de\/wp-json\/wp\/v2\/pages"}],"about":[{"href":"https:\/\/centralwire.com\/de\/wp-json\/wp\/v2\/types\/page"}],"author":[{"embeddable":true,"href":"https:\/\/centralwire.com\/de\/wp-json\/wp\/v2\/users\/7"}],"replies":[{"embeddable":true,"href":"https:\/\/centralwire.com\/de\/wp-json\/wp\/v2\/comments?post=1494"}],"version-history":[{"count":0,"href":"https:\/\/centralwire.com\/de\/wp-json\/wp\/v2\/pages\/1494\/revisions"}],"wp:attachment":[{"href":"https:\/\/centralwire.com\/de\/wp-json\/wp\/v2\/media?parent=1494"}],"curies":[{"name":"wp","href":"https:\/\/api.w.org\/{rel}","templated":true}]}}